{"id":181,"date":"2023-11-04T12:55:27","date_gmt":"2023-11-04T16:55:27","guid":{"rendered":"https:\/\/londonhistoryonline.museumlondon.ca\/?page_id=181"},"modified":"2025-02-10T07:08:34","modified_gmt":"2025-02-10T12:08:34","slug":"histoires","status":"publish","type":"page","link":"https:\/\/londonhistoryonline.museumlondon.ca\/fr\/histoires\/","title":{"rendered":"Les histoires de London"},"content":{"rendered":"<p class=\"has-text-align-center has-large-font-size wp-block-paragraph\">Voyagez dans la longue et fascinante histoire orale de cette communaut\u00e9 \u00e0 travers les r\u00e9cits des Londoniens d'hier et d'aujourd'hui.<\/p>\n\n\n\n<div class=\"wp-block-columns alignwide is-style-center-border is-layout-flex wp-container-core-columns-is-layout-f3ab6a55 wp-block-columns-is-layout-flex\">\n<div class=\"wp-block-column is-layout-flow wp-block-column-is-layout-flow\">\n<h2 class=\"wp-block-heading wp-embed-aspect-16-9 wp-has-aspect-ratio has-heritage-color has-text-color has-link-color has-xx-large-font-size wp-elements-a3100dc84f4afe8ecb9fd4eb7bf74d3f\">Arielle Kayabaga<\/h2>\n\n\n\n<figure class=\"wp-block-embed is-type-video is-provider-youtube wp-block-embed-youtube wp-embed-aspect-16-9 wp-has-aspect-ratio\"><div class=\"wp-block-embed__wrapper\">\n<iframe loading=\"lazy\" title=\"Museum London-LONDRES UNE HISTOIRE : ARIELLE KAYABAGA\" width=\"500\" height=\"281\" src=\"https:\/\/www.youtube.com\/embed\/nfK3iYmngHA?feature=oembed\" frameborder=\"0\" allow=\"accelerometer; autoplay; clipboard-write; encrypted-media; gyroscope; picture-in-picture; web-share\" referrerpolicy=\"strict-origin-when-cross-origin\" allowfullscreen><\/iframe>\n<\/div><\/figure>\n<\/div>\n\n\n\n<div class=\"wp-block-column is-layout-flow wp-block-column-is-layout-flow\">\n<h2 class=\"wp-block-heading has-heritage-color has-text-color has-link-color has-xx-large-font-size wp-elements-91669f37f5c3497a8bd49feb686151d8\">Jillian Best<\/h2>\n\n\n\n<figure class=\"wp-block-embed is-type-video is-provider-youtube wp-block-embed-youtube wp-embed-aspect-16-9 wp-has-aspect-ratio\"><div class=\"wp-block-embed__wrapper\">\n<iframe loading=\"lazy\" title=\"Museum London-LONDRES UNE HISTOIRE : JILLIAN BEST\" width=\"500\" height=\"281\" src=\"https:\/\/www.youtube.com\/embed\/LxBol0yvjuM?feature=oembed\" frameborder=\"0\" allow=\"accelerometer; autoplay; clipboard-write; encrypted-media; gyroscope; picture-in-picture; web-share\" referrerpolicy=\"strict-origin-when-cross-origin\" allowfullscreen><\/iframe>\n<\/div><\/figure>\n<\/div>\n\n\n\n<div class=\"wp-block-column is-layout-flow wp-block-column-is-layout-flow\">\n<h2 class=\"wp-block-heading wp-embed-aspect-16-9 wp-has-aspect-ratio has-heritage-color has-text-color has-link-color has-xx-large-font-size wp-elements-36dab0778b6196c3e798412621aa756e\">Sandie Fletcher<\/h2>\n\n\n\n<figure class=\"wp-block-embed is-type-video is-provider-youtube wp-block-embed-youtube wp-embed-aspect-16-9 wp-has-aspect-ratio\"><div class=\"wp-block-embed__wrapper\">\n<iframe loading=\"lazy\" title=\"Museum London-LONDRES UNE HISTOIRE : SANDIE FLETCHER\" width=\"500\" height=\"281\" src=\"https:\/\/www.youtube.com\/embed\/y7ifRDlnKcM?feature=oembed\" frameborder=\"0\" allow=\"accelerometer; autoplay; clipboard-write; encrypted-media; gyroscope; picture-in-picture; web-share\" referrerpolicy=\"strict-origin-when-cross-origin\" allowfullscreen><\/iframe>\n<\/div><\/figure>\n<\/div>\n<\/div>\n\n\n\n<div class=\"wp-block-columns alignwide is-style-center-border is-layout-flex wp-container-core-columns-is-layout-f3ab6a55 wp-block-columns-is-layout-flex\">\n<div class=\"wp-block-column is-layout-flow wp-block-column-is-layout-flow\">\n<h2 class=\"wp-block-heading has-heritage-color has-text-color has-link-color has-xx-large-font-size wp-elements-ce80c0ea3757441820282324dbf4fb6e\">Dario Novoa<\/h2>\n\n\n\n<figure class=\"wp-block-embed is-type-video is-provider-youtube wp-block-embed-youtube wp-embed-aspect-16-9 wp-has-aspect-ratio\"><div class=\"wp-block-embed__wrapper\">\n<iframe loading=\"lazy\" title=\"Museum London-LONDRES UNE HISTOIRE : DARIO NOVOA\" width=\"500\" height=\"281\" src=\"https:\/\/www.youtube.com\/embed\/J6yvT5AlOyY?feature=oembed\" frameborder=\"0\" allow=\"accelerometer; autoplay; clipboard-write; encrypted-media; gyroscope; picture-in-picture; web-share\" referrerpolicy=\"strict-origin-when-cross-origin\" allowfullscreen><\/iframe>\n<\/div><\/figure>\n<\/div>\n\n\n\n<div class=\"wp-block-column is-layout-flow wp-block-column-is-layout-flow\">\n<h2 class=\"wp-block-heading wp-embed-aspect-16-9 wp-has-aspect-ratio has-heritage-color has-text-color has-link-color has-xx-large-font-size wp-elements-cd241167fb88f99a5d27a66920539d2f\">Cleveland Brownlee<\/h2>\n\n\n\n<figure class=\"wp-block-embed is-type-video is-provider-youtube wp-block-embed-youtube wp-embed-aspect-16-9 wp-has-aspect-ratio\"><div class=\"wp-block-embed__wrapper\">\n<iframe loading=\"lazy\" title=\"Museum London-LONDRES UNE HISTOIRE : CLEVELAND BROWNLEE\" width=\"500\" height=\"281\" src=\"https:\/\/www.youtube.com\/embed\/aWHofQC5ivQ?feature=oembed\" frameborder=\"0\" allow=\"accelerometer; autoplay; clipboard-write; encrypted-media; gyroscope; picture-in-picture; web-share\" referrerpolicy=\"strict-origin-when-cross-origin\" allowfullscreen><\/iframe>\n<\/div><\/figure>\n<\/div>\n\n\n\n<div class=\"wp-block-column is-layout-flow wp-block-column-is-layout-flow\"><\/div>\n<\/div>","protected":false},"excerpt":{"rendered":"<p>Voyagez dans la longue et fascinante histoire orale de cette communaut\u00e9 \u00e0 travers les r\u00e9cits des Londoners d'hier et d'aujourd'hui. Arielle Kayabaga Jillian Best Sandie Fletcher Dario Novoa Cleveland Brownlee<\/p>","protected":false},"author":2,"featured_media":0,"parent":0,"menu_order":4,"comment_status":"closed","ping_status":"closed","template":"","meta":{"_acf_changed":false,"_crdt_document":"","footnotes":""},"class_list":["post-181","page","type-page","status-publish","hentry"],"acf":[],"_links":{"self":[{"href":"https:\/\/londonhistoryonline.museumlondon.ca\/fr\/wp-json\/wp\/v2\/pages\/181","targetHints":{"allow":["GET"]}}],"collection":[{"href":"https:\/\/londonhistoryonline.museumlondon.ca\/fr\/wp-json\/wp\/v2\/pages"}],"about":[{"href":"https:\/\/londonhistoryonline.museumlondon.ca\/fr\/wp-json\/wp\/v2\/types\/page"}],"author":[{"embeddable":true,"href":"https:\/\/londonhistoryonline.museumlondon.ca\/fr\/wp-json\/wp\/v2\/users\/2"}],"replies":[{"embeddable":true,"href":"https:\/\/londonhistoryonline.museumlondon.ca\/fr\/wp-json\/wp\/v2\/comments?post=181"}],"version-history":[{"count":5,"href":"https:\/\/londonhistoryonline.museumlondon.ca\/fr\/wp-json\/wp\/v2\/pages\/181\/revisions"}],"predecessor-version":[{"id":4547,"href":"https:\/\/londonhistoryonline.museumlondon.ca\/fr\/wp-json\/wp\/v2\/pages\/181\/revisions\/4547"}],"wp:attachment":[{"href":"https:\/\/londonhistoryonline.museumlondon.ca\/fr\/wp-json\/wp\/v2\/media?parent=181"}],"curies":[{"name":"wp","href":"https:\/\/api.w.org\/{rel}","templated":true}]}}