{"id":9,"date":"2023-09-19T14:24:28","date_gmt":"2023-09-19T18:24:28","guid":{"rendered":"https:\/\/londonhistoryonline.museumlondon.ca\/?page_id=9"},"modified":"2025-02-10T07:44:55","modified_gmt":"2025-02-10T12:44:55","slug":"page-daccueil","status":"publish","type":"page","link":"https:\/\/londonhistoryonline.museumlondon.ca\/fr\/","title":{"rendered":"Page d'accueil"},"content":{"rendered":"<div class=\"wp-block-cover alignfull has-parallax has-custom-content-position is-position-bottom-center has-base-color has-text-color has-link-color wp-elements-62153dd09c002d6bc9e874b57cb4f4a0 wp-duotone-duotone-4\" style=\"min-height:100vh;aspect-ratio:unset;\"><span aria-hidden=\"true\" class=\"wp-block-cover__background has-heritage-background-color has-background-dim\"><\/span><div role=\"img\" aria-label=\"Les enfants travaillent en collaboration sur un travail de d\u00e9couverte au centre de l&#039;exposition Sports et Loisirs.\" class=\"wp-block-cover__image-background wp-image-3609 has-parallax\" style=\"background-position:50% 50%;background-image:url(https:\/\/londonhistoryonline.museumlondon.ca\/wp-content\/uploads\/2024\/06\/london-a-history-ml-hero-bg.jpg)\"><\/div><div class=\"wp-block-cover__inner-container has-global-padding is-layout-constrained wp-block-cover-is-layout-constrained\">\n<div class=\"wp-block-columns alignwide is-layout-flex wp-container-core-columns-is-layout-f3ab6a55 wp-block-columns-is-layout-flex\">\n<div class=\"wp-block-column is-layout-flow wp-block-column-is-layout-flow\" style=\"padding-left:2vw;flex-basis:66.66%\">\n<h1 class=\"wp-block-heading alignwide has-text-align-left has-base-color has-text-color has-link-color wp-elements-eb5907b60239c4688fc823cb91ea2153\" style=\"padding-top:var(--wp--preset--spacing--50)\">London : <br>Une histoire !<\/h1>\n\n\n\n<hr class=\"wp-block-separator has-text-color has-suede-color has-alpha-channel-opacity has-suede-background-color has-background is-style-wide\"\/>\n\n\n\n<div class=\"wp-block-columns is-layout-flex wp-container-core-columns-is-layout-f3ab6a55 wp-block-columns-is-layout-flex\">\n<div class=\"wp-block-column is-layout-flow wp-block-column-is-layout-flow\" style=\"flex-basis:33.33%\"><\/div>\n\n\n\n<div class=\"wp-block-column is-layout-flow wp-block-column-is-layout-flow\" style=\"flex-basis:66.66%\">\n<p class=\"has-medium-font-size wp-block-paragraph\">Ville situ\u00e9e au c\u0153ur du sud-ouest de l'Ontario, London a un pass\u00e9 fascinant et complexe qui continue d'influencer le pr\u00e9sent. &nbsp;<\/p>\n\n\n<p class=\"has-small-font-size wp-block-paragraph translation-block\"><strong>Avertissement concernant le contenu : <\/strong>Certains objets de ce site Web pr\u00e9sentent des images et un langage qui peuvent \u00eatre bouleversants ou d\u00e9clencheurs. Ces objets refl\u00e8tent le langage et les attitudes de la p\u00e9riode historique au cours de laquelle ils ont \u00e9t\u00e9 cr\u00e9\u00e9s. Cela peut inclure des images ou un langage raciste, sexiste, capacitaire et autrement offensant ou discriminatoire. Le langage et les images sont inacceptables aujourd\u2019hui et ne refl\u00e8tent pas les points de vue ou les opinions du Museum London ou de notre personnel. Ils sont utilis\u00e9s dans l\u2019int\u00e9r\u00eat de l\u2019exactitude historique.<\/p>\n\n\n\n<div class=\"wp-block-buttons is-content-justification-center is-layout-flex wp-container-core-buttons-is-layout-0aa01211 wp-block-buttons-is-layout-flex\">\n<div class=\"wp-block-button is-style-arrow-down\"><a class=\"wp-block-button__link wp-element-button\" href=\"#home-start\">Explorer<\/a><\/div>\n<\/div>\n<\/div>\n<\/div>\n<\/div>\n\n\n\n<div class=\"wp-block-column is-vertically-aligned-bottom is-layout-flow wp-block-column-is-layout-flow\" style=\"flex-basis:33.33%\">\n<figure class=\"wp-block-image size-large is-resized is-style-rounded wp-duotone-duotone-2 is-style-rounded--1\"><img loading=\"lazy\" decoding=\"async\" width=\"1623\" height=\"1200\" src=\"https:\/\/londonhistoryonline.museumlondon.ca\/wp-content\/uploads\/2023\/10\/copy-of-0q4a5605_2-1623x1200.jpg\" alt=\"\" class=\"wp-image-22\" style=\"aspect-ratio:4\/3;object-fit:cover;width:auto;height:550px\" srcset=\"https:\/\/londonhistoryonline.museumlondon.ca\/wp-content\/uploads\/2023\/10\/copy-of-0q4a5605_2-1623x1200.jpg 1623w, https:\/\/londonhistoryonline.museumlondon.ca\/wp-content\/uploads\/2023\/10\/copy-of-0q4a5605_2-1082x800.jpg 1082w, https:\/\/londonhistoryonline.museumlondon.ca\/wp-content\/uploads\/2023\/10\/copy-of-0q4a5605_2-768x568.jpg 768w, https:\/\/londonhistoryonline.museumlondon.ca\/wp-content\/uploads\/2023\/10\/copy-of-0q4a5605_2-1536x1136.jpg 1536w, https:\/\/londonhistoryonline.museumlondon.ca\/wp-content\/uploads\/2023\/10\/copy-of-0q4a5605_2.jpg 2000w\" sizes=\"auto, (max-width: 1623px) 100vw, 1623px\" \/><\/figure>\n<\/div>\n<\/div>\n<\/div><\/div>\n\n\n\n<div class=\"wp-block-group alignfull has-heritage-background-color has-background has-global-padding is-layout-constrained wp-block-group-is-layout-constrained\" id=\"home-start\">\n<div class=\"wp-block-group alignfull horizontal-scroll-btn has-global-padding is-layout-constrained wp-block-group-is-layout-constrained\">\n<p class=\"has-text-align-right is-style-alignwide has-heading-font-family has-x-large-font-size wp-block-paragraph\">D\u00e9filez pour plus de th\u00e8mes <i class=\"fad fa-circle-arrow-right\"><\/i><\/p>\n<\/div>\n\n\n\n<div data-wp-context=\"{}\" data-wp-interactive=\"core\/query\" data-wp-key=\"3\" data-wp-router-region=\"query-3\" class=\"wp-block-query alignfull horizontal-scroll is-layout-flow wp-block-query-is-layout-flow\"><ul id=\"\" class=\"wp-block-post-template is-layout-flow wp-block-post-template-is-layout-flow\"><li data-wp-key=\"post-template-item-197\" class=\"wp-block-post post-197 post type-post status-publish has-post-thumbnail hentry category-uncategorized\">\n\n<div class=\"wp-block-group story-cell has-global-padding is-layout-constrained wp-block-group-is-layout-constrained\"><figure class=\"wp-block-post-featured-image wp-duotone-duotone-1\"><img loading=\"lazy\" decoding=\"async\" width=\"2345\" height=\"1118\" src=\"https:\/\/londonhistoryonline.museumlondon.ca\/wp-content\/uploads\/2024\/02\/3.1-gr1-1979.010.008-cropped.jpg\" class=\"attachment-post-thumbnail size-post-thumbnail wp-post-image\" alt=\"Une vieille photo jaunie d&#039;une compagnie militaire \u00e0 l&#039;ext\u00e9rieur de la caserne Stanley \u00e0 London, Ontario.\" style=\"border-top-left-radius:50%;border-top-right-radius:50%;object-fit:cover;\" srcset=\"https:\/\/londonhistoryonline.museumlondon.ca\/wp-content\/uploads\/2024\/02\/3.1-gr1-1979.010.008-cropped.jpg 2345w, https:\/\/londonhistoryonline.museumlondon.ca\/wp-content\/uploads\/2024\/02\/3.1-gr1-1979.010.008-cropped-1200x572.jpg 1200w, https:\/\/londonhistoryonline.museumlondon.ca\/wp-content\/uploads\/2024\/02\/3.1-gr1-1979.010.008-cropped-1800x858.jpg 1800w, https:\/\/londonhistoryonline.museumlondon.ca\/wp-content\/uploads\/2024\/02\/3.1-gr1-1979.010.008-cropped-768x366.jpg 768w, https:\/\/londonhistoryonline.museumlondon.ca\/wp-content\/uploads\/2024\/02\/3.1-gr1-1979.010.008-cropped-1536x732.jpg 1536w, https:\/\/londonhistoryonline.museumlondon.ca\/wp-content\/uploads\/2024\/02\/3.1-gr1-1979.010.008-cropped-2048x976.jpg 2048w\" sizes=\"auto, (max-width: 2345px) 100vw, 2345px\" \/><span class=\"wp-block-post-featured-image__overlay has-background-dim has-background-dim-80 has-accent-background-color\" style=\"border-top-left-radius:50%;border-top-right-radius:50%\" aria-hidden=\"true\"><\/span><\/figure>\n\n<h2 style=\"font-style:italic;font-weight:300;\" class=\"has-link-color wp-elements-45a2fa42e4938a46bf5b2ef42589a437 wp-block-post-title has-text-color has-base-color has-heading-font-family\"><a href=\"https:\/\/londonhistoryonline.museumlondon.ca\/fr\/militaire\/\" target=\"_self\" >Militaire<\/a><\/h2><\/div>\n\n<\/li><li data-wp-key=\"post-template-item-201\" class=\"wp-block-post post-201 post type-post status-publish has-post-thumbnail hentry category-uncategorized\">\n\n<div class=\"wp-block-group story-cell has-global-padding is-layout-constrained wp-block-group-is-layout-constrained\"><figure class=\"wp-block-post-featured-image wp-duotone-duotone-1\"><img loading=\"lazy\" decoding=\"async\" width=\"2000\" height=\"1479\" src=\"https:\/\/londonhistoryonline.museumlondon.ca\/wp-content\/uploads\/2023\/10\/copy-of-0q4a5605_2.jpg\" class=\"attachment-post-thumbnail size-post-thumbnail wp-post-image\" alt=\"\" style=\"border-top-left-radius:50%;border-top-right-radius:50%;object-fit:cover;\" srcset=\"https:\/\/londonhistoryonline.museumlondon.ca\/wp-content\/uploads\/2023\/10\/copy-of-0q4a5605_2.jpg 2000w, https:\/\/londonhistoryonline.museumlondon.ca\/wp-content\/uploads\/2023\/10\/copy-of-0q4a5605_2-1082x800.jpg 1082w, https:\/\/londonhistoryonline.museumlondon.ca\/wp-content\/uploads\/2023\/10\/copy-of-0q4a5605_2-1623x1200.jpg 1623w, https:\/\/londonhistoryonline.museumlondon.ca\/wp-content\/uploads\/2023\/10\/copy-of-0q4a5605_2-768x568.jpg 768w, https:\/\/londonhistoryonline.museumlondon.ca\/wp-content\/uploads\/2023\/10\/copy-of-0q4a5605_2-1536x1136.jpg 1536w\" sizes=\"auto, (max-width: 2000px) 100vw, 2000px\" \/><span class=\"wp-block-post-featured-image__overlay has-background-dim has-background-dim-80 has-accent-background-color\" style=\"border-top-left-radius:50%;border-top-right-radius:50%\" aria-hidden=\"true\"><\/span><\/figure>\n\n<h2 style=\"font-style:italic;font-weight:300;\" class=\"has-link-color wp-elements-45a2fa42e4938a46bf5b2ef42589a437 wp-block-post-title has-text-color has-base-color has-heading-font-family\"><a href=\"https:\/\/londonhistoryonline.museumlondon.ca\/fr\/industrie-travail\/\" target=\"_self\" >Industrie et travail<\/a><\/h2><\/div>\n\n<\/li><li data-wp-key=\"post-template-item-206\" class=\"wp-block-post post-206 post type-post status-publish has-post-thumbnail hentry category-uncategorized\">\n\n<div class=\"wp-block-group story-cell has-global-padding is-layout-constrained wp-block-group-is-layout-constrained\"><figure class=\"wp-block-post-featured-image wp-duotone-duotone-1\"><img loading=\"lazy\" decoding=\"async\" width=\"1398\" height=\"1003\" src=\"https:\/\/londonhistoryonline.museumlondon.ca\/wp-content\/uploads\/2024\/03\/2015.026.036.jpg\" class=\"attachment-post-thumbnail size-post-thumbnail wp-post-image\" alt=\"\" style=\"border-top-left-radius:50%;border-top-right-radius:50%;object-fit:cover;\" srcset=\"https:\/\/londonhistoryonline.museumlondon.ca\/wp-content\/uploads\/2024\/03\/2015.026.036.jpg 1398w, https:\/\/londonhistoryonline.museumlondon.ca\/wp-content\/uploads\/2024\/03\/2015.026.036-1115x800.jpg 1115w, https:\/\/londonhistoryonline.museumlondon.ca\/wp-content\/uploads\/2024\/03\/2015.026.036-768x551.jpg 768w, https:\/\/londonhistoryonline.museumlondon.ca\/wp-content\/uploads\/2024\/03\/2015.026.036-18x12.jpg 18w\" sizes=\"auto, (max-width: 1398px) 100vw, 1398px\" \/><span class=\"wp-block-post-featured-image__overlay has-background-dim has-background-dim-80 has-accent-background-color\" style=\"border-top-left-radius:50%;border-top-right-radius:50%\" aria-hidden=\"true\"><\/span><\/figure>\n\n<h2 style=\"font-style:italic;font-weight:300;\" class=\"has-link-color wp-elements-45a2fa42e4938a46bf5b2ef42589a437 wp-block-post-title has-text-color has-base-color has-heading-font-family\"><a href=\"https:\/\/londonhistoryonline.museumlondon.ca\/fr\/sports-loisirs\/\" target=\"_self\" >Sports et loisirs<\/a><\/h2><\/div>\n\n<\/li><li data-wp-key=\"post-template-item-2396\" class=\"wp-block-post post-2396 post type-post status-publish has-post-thumbnail hentry category-uncategorized\">\n\n<div class=\"wp-block-group story-cell has-global-padding is-layout-constrained wp-block-group-is-layout-constrained\"><figure class=\"wp-block-post-featured-image wp-duotone-duotone-1\"><img loading=\"lazy\" decoding=\"async\" width=\"1069\" height=\"1600\" src=\"https:\/\/londonhistoryonline.museumlondon.ca\/wp-content\/uploads\/2024\/03\/4.1-gr8.jpg\" class=\"attachment-post-thumbnail size-post-thumbnail wp-post-image\" alt=\"\" style=\"border-top-left-radius:50%;border-top-right-radius:50%;object-fit:cover;\" srcset=\"https:\/\/londonhistoryonline.museumlondon.ca\/wp-content\/uploads\/2024\/03\/4.1-gr8.jpg 1069w, https:\/\/londonhistoryonline.museumlondon.ca\/wp-content\/uploads\/2024\/03\/4.1-gr8-535x800.jpg 535w, https:\/\/londonhistoryonline.museumlondon.ca\/wp-content\/uploads\/2024\/03\/4.1-gr8-802x1200.jpg 802w, https:\/\/londonhistoryonline.museumlondon.ca\/wp-content\/uploads\/2024\/03\/4.1-gr8-768x1149.jpg 768w, https:\/\/londonhistoryonline.museumlondon.ca\/wp-content\/uploads\/2024\/03\/4.1-gr8-1026x1536.jpg 1026w\" sizes=\"auto, (max-width: 1069px) 100vw, 1069px\" \/><span class=\"wp-block-post-featured-image__overlay has-background-dim has-background-dim-80 has-accent-background-color\" style=\"border-top-left-radius:50%;border-top-right-radius:50%\" aria-hidden=\"true\"><\/span><\/figure>\n\n<h2 style=\"font-style:italic;font-weight:300;\" class=\"has-link-color wp-elements-45a2fa42e4938a46bf5b2ef42589a437 wp-block-post-title has-text-color has-base-color has-heading-font-family\"><a href=\"https:\/\/londonhistoryonline.museumlondon.ca\/fr\/immigration-2-2\/\" target=\"_self\" >L'immigration<\/a><\/h2><\/div>\n\n<\/li><\/ul><\/div>\n<\/div>\n\n\n\n<div class=\"wp-block-cover alignfull is-light has-base-color has-text-color has-link-color wp-elements-0c83c3e174e4ac177e92ecc13c3291a7 wp-duotone-duotone-3\" style=\"padding-top:4rem;padding-bottom:4rem;min-height:50vh;aspect-ratio:unset;\"><span aria-hidden=\"true\" class=\"wp-block-cover__background has-heritage-background-color has-background-dim-0 has-background-dim\"><\/span><img loading=\"lazy\" decoding=\"async\" width=\"2000\" height=\"1252\" class=\"wp-block-cover__image-background wp-image-87\" alt=\"\" src=\"https:\/\/londonhistoryonline.museumlondon.ca\/wp-content\/uploads\/2023\/11\/copy-of-0q4a5830_2.jpg\" data-object-fit=\"cover\" srcset=\"https:\/\/londonhistoryonline.museumlondon.ca\/wp-content\/uploads\/2023\/11\/copy-of-0q4a5830_2.jpg 2000w, https:\/\/londonhistoryonline.museumlondon.ca\/wp-content\/uploads\/2023\/11\/copy-of-0q4a5830_2-1200x751.jpg 1200w, https:\/\/londonhistoryonline.museumlondon.ca\/wp-content\/uploads\/2023\/11\/copy-of-0q4a5830_2-1800x1127.jpg 1800w, https:\/\/londonhistoryonline.museumlondon.ca\/wp-content\/uploads\/2023\/11\/copy-of-0q4a5830_2-768x481.jpg 768w, https:\/\/londonhistoryonline.museumlondon.ca\/wp-content\/uploads\/2023\/11\/copy-of-0q4a5830_2-1536x962.jpg 1536w\" sizes=\"auto, (max-width: 2000px) 100vw, 2000px\" \/><div class=\"wp-block-cover__inner-container has-global-padding is-layout-constrained wp-block-cover-is-layout-constrained\">\n<div class=\"wp-block-columns alignwide is-layout-flex wp-container-core-columns-is-layout-f3ab6a55 wp-block-columns-is-layout-flex\">\n<div class=\"wp-block-column is-layout-flow wp-block-column-is-layout-flow\">\n<h2 class=\"wp-block-heading has-text-align-center has-main-title-font-size\">L'histoire de London<\/h2>\n<\/div>\n\n\n\n<div class=\"wp-block-column is-layout-flow wp-block-column-is-layout-flow\"><\/div>\n<\/div>\n\n\n\n<div class=\"wp-block-columns is-layout-flex wp-container-core-columns-is-layout-f3ab6a55 wp-block-columns-is-layout-flex\">\n<div class=\"wp-block-column is-layout-flow wp-block-column-is-layout-flow\" style=\"flex-basis:66.66%\"><\/div>\n\n\n\n<div class=\"wp-block-column is-layout-flow wp-block-column-is-layout-flow\" style=\"flex-basis:33.33%\">\n<hr class=\"wp-block-separator has-text-color has-base-color has-alpha-channel-opacity has-base-background-color has-background is-style-wide\"\/>\n\n\n\n<p class=\"has-medium-font-size wp-block-paragraph\">Voyagez dans la longue et fascinante histoire orale de cette communaut\u00e9 \u00e0 travers les r\u00e9cits des Londoniens d'hier et d'aujourd'hui.<\/p>\n\n\n\n<div class=\"wp-block-buttons is-layout-flex wp-block-buttons-is-layout-flex\">\n<div class=\"wp-block-button\"><a class=\"wp-block-button__link wp-element-button\" href=\"https:\/\/londonhistoryonline.museumlondon.ca\/fr\/histoires\/\">\u00c9couter leurs histoires<\/a><\/div>\n<\/div>\n<\/div>\n<\/div>\n<\/div><\/div>\n\n\n\n<div class=\"wp-block-columns alignfull is-style-center-border is-layout-flex wp-container-core-columns-is-layout-070d7d57 wp-block-columns-is-layout-flex\" style=\"margin-top:0;margin-bottom:0\">\n<div class=\"wp-block-column is-layout-flow wp-block-column-is-layout-flow\">\n<div class=\"wp-block-group has-global-padding is-layout-constrained wp-container-core-group-is-layout-57e41155 wp-block-group-is-layout-constrained\" style=\"padding-top:4rem;padding-right:4vw;padding-bottom:4rem;padding-left:4vw\">\n<h2 class=\"wp-block-heading\">L'\u00e9ducation <br>Ressources<\/h2>\n\n\n\n<p class=\"has-medium-font-size wp-block-paragraph\">Les enseignants et les \u00e9l\u00e8ves peuvent tirer le meilleur parti de cette exposition dans leur classe en utilisant nos ressources p\u00e9dagogiques adapt\u00e9es au programme scolaire de l'Ontario pour le primaire et le secondaire.<\/p>\n\n\n\n<div class=\"wp-block-buttons is-content-justification-right is-layout-flex wp-container-core-buttons-is-layout-bf881693 wp-block-buttons-is-layout-flex\">\n<div class=\"wp-block-button is-style-arrow\"><a class=\"wp-block-button__link wp-element-button\" href=\"https:\/\/londonhistoryonline.museumlondon.ca\/fr\/education\/\">Planifiez votre programme d'\u00e9tudes<\/a><\/div>\n<\/div>\n<\/div>\n<\/div>\n\n\n\n<div class=\"wp-block-column is-layout-flow wp-block-column-is-layout-flow\">\n<div class=\"wp-block-group has-global-padding is-layout-constrained wp-container-core-group-is-layout-57e41155 wp-block-group-is-layout-constrained\" style=\"padding-top:4rem;padding-right:4vw;padding-bottom:4rem;padding-left:4vw\">\n<h2 class=\"wp-block-heading\">Objet <br>Collection<\/h2>\n\n\n\n<p class=\"has-medium-font-size wp-block-paragraph\">Explorez notre vaste collection \u00e0 travers des objets num\u00e9riques et des photographies.<\/p>\n\n\n\n<div class=\"wp-block-buttons is-content-justification-right is-layout-flex wp-container-core-buttons-is-layout-bf881693 wp-block-buttons-is-layout-flex\">\n<div class=\"wp-block-button is-style-arrow\"><a class=\"wp-block-button__link wp-element-button\" href=\"https:\/\/londonhistoryonline.museumlondon.ca\/fr\/objets\/\">D\u00e9couvrir la base de donn\u00e9es<\/a><\/div>\n<\/div>\n<\/div>\n<\/div>\n<\/div>\n\n\n\n<div class=\"wp-block-group alignfull has-global-padding is-layout-constrained wp-block-group-is-layout-constrained\" style=\"border-top-color:var(--wp--preset--color--suede);border-top-width:2px;margin-top:0;padding-top:var(--wp--preset--spacing--20);padding-bottom:var(--wp--preset--spacing--20)\">\n<h2 class=\"wp-block-heading is-style-screenreader\" style=\"margin-top:0;margin-bottom:0\">Nos bailleurs de fonds<\/h2>\n\n\n\n<div class=\"wp-block-group alignwide is-content-justification-space-between is-layout-flex wp-container-core-group-is-layout-ef04d064 wp-block-group-is-layout-flex\" style=\"margin-top:0\">\n<div class=\"wp-block-group alignwide is-style-wrap-mobile is-nowrap is-layout-flex wp-container-core-group-is-layout-e88a1ac8 wp-block-group-is-layout-flex\">\n<figure class=\"wp-block-image size-full is-resized wp-duotone-duotone-6\"><img loading=\"lazy\" decoding=\"async\" width=\"470\" height=\"112\" src=\"https:\/\/londonhistoryonline.museumlondon.ca\/wp-content\/uploads\/2024\/03\/without-text_sans-texte_png_wordmark_w.png.png\" alt=\"Logo du Canada\" class=\"wp-image-1797\" style=\"width:auto;height:50px\"\/><\/figure>\n\n\n\n<p class=\"has-small-font-size wp-block-paragraph\">Ce projet a \u00e9t\u00e9 rendu possible par le gouvernement du Canada. <br>Ce projet a \u00e9t\u00e9 rendu possible gr\u00e2ce au gouvernement du Canada.<\/p>\n<\/div>\n\n\n\n<div class=\"wp-block-group alignwide is-style-wrap-mobile is-nowrap is-layout-flex wp-container-core-group-is-layout-f01bbf88 wp-block-group-is-layout-flex\">\n<figure class=\"wp-block-image size-full is-resized wp-duotone-duotone-5\"><img loading=\"lazy\" decoding=\"async\" width=\"313\" height=\"427\" src=\"https:\/\/londonhistoryonline.museumlondon.ca\/wp-content\/uploads\/2024\/03\/city-of-london-logo-black.png\" alt=\"Logo de la ville de London\" class=\"wp-image-1809\" style=\"width:auto;height:50px\"\/><\/figure>\n\n\n\n<figure class=\"wp-block-image size-full is-resized wp-duotone-duotone-5\"><img loading=\"lazy\" decoding=\"async\" width=\"1080\" height=\"300\" src=\"https:\/\/londonhistoryonline.museumlondon.ca\/wp-content\/uploads\/2024\/03\/oac_logo_black.png\" alt=\"Logo du Conseil des arts de l&#039;Ontario\" class=\"wp-image-1813\" style=\"width:auto;height:50px\" srcset=\"https:\/\/londonhistoryonline.museumlondon.ca\/wp-content\/uploads\/2024\/03\/oac_logo_black.png 1080w, https:\/\/londonhistoryonline.museumlondon.ca\/wp-content\/uploads\/2024\/03\/oac_logo_black-768x213.png 768w\" sizes=\"auto, (max-width: 1080px) 100vw, 1080px\" \/><\/figure>\n\n\n\n<figure class=\"wp-block-image size-full is-resized\"><img loading=\"lazy\" decoding=\"async\" width=\"1500\" height=\"600\" src=\"https:\/\/londonhistoryonline.museumlondon.ca\/wp-content\/uploads\/2024\/11\/on_rev_logo_white_rgb-sm.png\" alt=\"Logo de l&#039;Ontario\" class=\"wp-image-4463\" style=\"width:auto;height:50px\" srcset=\"https:\/\/londonhistoryonline.museumlondon.ca\/wp-content\/uploads\/2024\/11\/on_rev_logo_white_rgb-sm.png 1500w, https:\/\/londonhistoryonline.museumlondon.ca\/wp-content\/uploads\/2024\/11\/on_rev_logo_white_rgb-sm-1200x480.png 1200w, https:\/\/londonhistoryonline.museumlondon.ca\/wp-content\/uploads\/2024\/11\/on_rev_logo_white_rgb-sm-768x307.png 768w, https:\/\/londonhistoryonline.museumlondon.ca\/wp-content\/uploads\/2024\/11\/on_rev_logo_white_rgb-sm-18x7.png 18w\" sizes=\"auto, (max-width: 1500px) 100vw, 1500px\" \/><\/figure>\n\n\n\n<figure class=\"wp-block-image size-full is-resized wp-duotone-duotone-5\"><img loading=\"lazy\" decoding=\"async\" width=\"2416\" height=\"439\" src=\"https:\/\/londonhistoryonline.museumlondon.ca\/wp-content\/uploads\/2024\/03\/cca_rgb_black_e.png\" alt=\"Logo du Conseil des Arts du Canada\" class=\"wp-image-1812\" style=\"width:auto;height:50px\" srcset=\"https:\/\/londonhistoryonline.museumlondon.ca\/wp-content\/uploads\/2024\/03\/cca_rgb_black_e.png 2416w, https:\/\/londonhistoryonline.museumlondon.ca\/wp-content\/uploads\/2024\/03\/cca_rgb_black_e-1200x218.png 1200w, https:\/\/londonhistoryonline.museumlondon.ca\/wp-content\/uploads\/2024\/03\/cca_rgb_black_e-1800x327.png 1800w, https:\/\/londonhistoryonline.museumlondon.ca\/wp-content\/uploads\/2024\/03\/cca_rgb_black_e-768x140.png 768w, https:\/\/londonhistoryonline.museumlondon.ca\/wp-content\/uploads\/2024\/03\/cca_rgb_black_e-1536x279.png 1536w, https:\/\/londonhistoryonline.museumlondon.ca\/wp-content\/uploads\/2024\/03\/cca_rgb_black_e-2048x372.png 2048w\" sizes=\"auto, (max-width: 2416px) 100vw, 2416px\" \/><\/figure>\n<\/div>\n<\/div>\n<\/div>\n\n\n\n<p class=\"wp-block-paragraph\"><\/p>","protected":false},"excerpt":{"rendered":"<p>Scroll for more themes Education Resources Teachers and students can make the most of this exhibition in their classrooms by using our educational resources tailored to the Ontario elementary and secondary curriculum. Object Collection Explore our extensive collection through digital objects and photographs. Our funders This project has been made possibly by the Government of [&hellip;]<\/p>\n","protected":false},"author":2,"featured_media":0,"parent":0,"menu_order":1,"comment_status":"closed","ping_status":"closed","template":"","meta":{"_acf_changed":false,"_crdt_document":"","footnotes":""},"class_list":["post-9","page","type-page","status-publish","hentry"],"acf":[],"_links":{"self":[{"href":"https:\/\/londonhistoryonline.museumlondon.ca\/fr\/wp-json\/wp\/v2\/pages\/9","targetHints":{"allow":["GET"]}}],"collection":[{"href":"https:\/\/londonhistoryonline.museumlondon.ca\/fr\/wp-json\/wp\/v2\/pages"}],"about":[{"href":"https:\/\/londonhistoryonline.museumlondon.ca\/fr\/wp-json\/wp\/v2\/types\/page"}],"author":[{"embeddable":true,"href":"https:\/\/londonhistoryonline.museumlondon.ca\/fr\/wp-json\/wp\/v2\/users\/2"}],"replies":[{"embeddable":true,"href":"https:\/\/londonhistoryonline.museumlondon.ca\/fr\/wp-json\/wp\/v2\/comments?post=9"}],"version-history":[{"count":16,"href":"https:\/\/londonhistoryonline.museumlondon.ca\/fr\/wp-json\/wp\/v2\/pages\/9\/revisions"}],"predecessor-version":[{"id":4549,"href":"https:\/\/londonhistoryonline.museumlondon.ca\/fr\/wp-json\/wp\/v2\/pages\/9\/revisions\/4549"}],"wp:attachment":[{"href":"https:\/\/londonhistoryonline.museumlondon.ca\/fr\/wp-json\/wp\/v2\/media?parent=9"}],"curies":[{"name":"wp","href":"https:\/\/api.w.org\/{rel}","templated":true}]}}